{"id":26,"date":"2017-11-05T21:48:56","date_gmt":"2017-11-05T20:48:56","guid":{"rendered":"https:\/\/tv60film.de\/tv60\/?page_id=26"},"modified":"2018-02-12T10:24:21","modified_gmt":"2018-02-12T09:24:21","slug":"kontakt","status":"publish","type":"page","link":"https:\/\/tv60film.de\/tv60\/kontakt\/","title":{"rendered":"Kontakt"},"content":{"rendered":"<div id=\"contentRight\">\n<div class=\"jScrollPaneContainer\" tabindex=\"0\">\n<div id=\"scroller2\">\n<h1>TV60Filmproduktion GmbH<\/h1>\n<p>Rambergstra\u00dfe 3-5 | 80799 M\u00fcnchen<br \/>\nFon +49-89 -36 04 91-0<br \/>\nFax +49-89 -36 04 91-30<br \/>\n<a href=\"mailto:mail@tv60film.de\">mail@tv60film.de<\/a><\/p>\n<p>Unaufgeforderte Stoffvorschl\u00e4ge k\u00f6nnen nicht beantwortet werden!<\/p>\n<\/div>\n<\/div>\n<\/div>","protected":false},"excerpt":{"rendered":"<p>TV60Filmproduktion GmbH Rambergstra\u00dfe 3-5 | 80799 M\u00fcnchen Fon +49-89 -36 04 91-0 Fax +49-89 -36 04 91-30 mail@tv60film.de Unaufgeforderte Stoffvorschl\u00e4ge k\u00f6nnen nicht beantwortet werden!<\/p>\n","protected":false},"author":2,"featured_media":0,"parent":0,"menu_order":0,"comment_status":"closed","ping_status":"closed","template":"","meta":{"_acf_changed":false,"footnotes":""},"class_list":["post-26","page","type-page","status-publish","hentry"],"acf":[],"_links":{"self":[{"href":"https:\/\/tv60film.de\/tv60\/wp-json\/wp\/v2\/pages\/26"}],"collection":[{"href":"https:\/\/tv60film.de\/tv60\/wp-json\/wp\/v2\/pages"}],"about":[{"href":"https:\/\/tv60film.de\/tv60\/wp-json\/wp\/v2\/types\/page"}],"author":[{"embeddable":true,"href":"https:\/\/tv60film.de\/tv60\/wp-json\/wp\/v2\/users\/2"}],"replies":[{"embeddable":true,"href":"https:\/\/tv60film.de\/tv60\/wp-json\/wp\/v2\/comments?post=26"}],"version-history":[{"count":0,"href":"https:\/\/tv60film.de\/tv60\/wp-json\/wp\/v2\/pages\/26\/revisions"}],"wp:attachment":[{"href":"https:\/\/tv60film.de\/tv60\/wp-json\/wp\/v2\/media?parent=26"}],"curies":[{"name":"wp","href":"https:\/\/api.w.org\/{rel}","templated":true}]}}