{"id":29,"date":"2017-11-05T21:50:14","date_gmt":"2017-11-05T20:50:14","guid":{"rendered":"https:\/\/tv60film.de\/tv60\/?page_id=29"},"modified":"2018-02-12T10:24:21","modified_gmt":"2018-02-12T09:24:21","slug":"firma","status":"publish","type":"page","link":"https:\/\/tv60film.de\/tv60\/firma\/","title":{"rendered":"Firma"},"content":{"rendered":"<h3>Unser Unternehmen<\/h3>\n<p>TV60Film ist eine deutsche Film- und Fernsehproduktionsgesellschaft mit Sitz in M\u00fcnchen. Fernsehfilme, TV-Serien, Mehrteiler, sowie Kinofilme und Dokumentationen umfassen den T\u00e4tigkeitsbereich des mittelst\u00e4ndischen und konzernunabh\u00e4ngigen Unternehmens. Darunter sind auch internationale Koproduktionen zu finden.<\/p>\n<p>Die Programme werden von TV60Film entwickelt, finanziert und hergestellt. Die TV60Film ist von Beginn an ein Unternehmen mit bayerischem Firmensitz und Gr\u00fcndungsmitglied der Allianz deutscher Produzenten. Claus Hardt und Bernd Burgemeister sind herausragende Produzentenpers\u00f6nlichkeiten der Firmengeschichte.<\/p>\n<h3>Die Firmengeschichte<\/h3>\n<p>Anfang der 60er Jahre wurde von Utz Utermann und Claus Hardt die Produktionsfirma mit dem Namen TV-60 gegr\u00fcndet. In den 70er Jahren schied Utz Utermann aus und 1978 etablierten Claus Hardt und Bernd Burgemeister (vorher t\u00e4tig als freier Produktions- und Herstellungsleiter sowie in der Programmdirektion des ZDF) die TV60Filmproduktion GmbH. 1991 schied Claus Hardt aus und Bernd Burgemeister wurde Alleininhaber des Unternehmens. Sven Burgemeister beginnt 1993 bei TV60Film als Producer, Marcus Roth wird 1998 ebenfalls als Producer neu eingestellt. 1999 wird Sven Burgemeister Mitgesellschafter der Firma und \u00fcbernimmt seit 2002 auch gemeinsam mit Bernd Burgemeister die Gesch\u00e4ftsf\u00fchrung. Im gleichen Jahr wird die TV60Filmproduktion ebenfalls Mehrheitsgesellschafter der Goldkind Filmproduktion GmbH &amp; Co. KG 2004 beginnt eine enge Zusammenarbeit mit Gloria Burkert und Andreas Bareiss (BurkertBareiss Development). Andreas Schneppe kommt 2007 als Produzent zur TV60Film. Nach dem Tod von Bernd Burgemeister im Sommer 2008 setzt Sven Burgemeister die Gesch\u00e4ftsf\u00fchrung der TV60Filmproduktion fort.<\/p>\n<p>&nbsp;<\/p>","protected":false},"excerpt":{"rendered":"<p>Unser Unternehmen TV60Film ist eine deutsche Film- und Fernsehproduktionsgesellschaft mit Sitz in M\u00fcnchen. Fernsehfilme, TV-Serien, Mehrteiler, sowie Kinofilme und Dokumentationen umfassen den T\u00e4tigkeitsbereich des mittelst\u00e4ndischen und konzernunabh\u00e4ngigen Unternehmens. Darunter sind auch internationale Koproduktionen zu finden. Die Programme werden von TV60Film entwickelt, finanziert und hergestellt. Die TV60Film ist von Beginn an ein Unternehmen mit bayerischem Firmensitz &hellip; <a href=\"https:\/\/tv60film.de\/tv60\/firma\/\" class=\"more-link\"><span class=\"screen-reader-text\">&#8222;Firma&#8220; <\/span>weiterlesen<\/a><\/p>\n","protected":false},"author":2,"featured_media":0,"parent":0,"menu_order":0,"comment_status":"closed","ping_status":"closed","template":"","meta":{"_acf_changed":false,"footnotes":""},"class_list":["post-29","page","type-page","status-publish","hentry"],"acf":[],"_links":{"self":[{"href":"https:\/\/tv60film.de\/tv60\/wp-json\/wp\/v2\/pages\/29"}],"collection":[{"href":"https:\/\/tv60film.de\/tv60\/wp-json\/wp\/v2\/pages"}],"about":[{"href":"https:\/\/tv60film.de\/tv60\/wp-json\/wp\/v2\/types\/page"}],"author":[{"embeddable":true,"href":"https:\/\/tv60film.de\/tv60\/wp-json\/wp\/v2\/users\/2"}],"replies":[{"embeddable":true,"href":"https:\/\/tv60film.de\/tv60\/wp-json\/wp\/v2\/comments?post=29"}],"version-history":[{"count":0,"href":"https:\/\/tv60film.de\/tv60\/wp-json\/wp\/v2\/pages\/29\/revisions"}],"wp:attachment":[{"href":"https:\/\/tv60film.de\/tv60\/wp-json\/wp\/v2\/media?parent=29"}],"curies":[{"name":"wp","href":"https:\/\/api.w.org\/{rel}","templated":true}]}}